{"id":1558,"date":"2020-08-24T17:41:58","date_gmt":"2020-08-24T17:41:58","guid":{"rendered":"https:\/\/rithacapelato.com.br\/workshop\/?page_id=1558"},"modified":"2022-09-15T11:26:38","modified_gmt":"2022-09-15T11:26:38","slug":"termos-e-condicoes","status":"publish","type":"page","link":"https:\/\/rithacapelato.com.br\/workshop\/termos-e-condicoes\/","title":{"rendered":"Termos e condi\u00e7\u00f5es"},"content":{"rendered":"\t\t<div data-elementor-type=\"wp-page\" data-elementor-id=\"1558\" class=\"elementor elementor-1558\" data-elementor-post-type=\"page\">\n\t\t\t\t\t\t<section class=\"elementor-section elementor-top-section elementor-element elementor-element-e6319d4 elementor-section-boxed elementor-section-height-default elementor-section-height-default\" data-id=\"e6319d4\" data-element_type=\"section\" data-settings=\"{&quot;jet_parallax_layout_list&quot;:[{&quot;jet_parallax_layout_image&quot;:{&quot;url&quot;:&quot;&quot;,&quot;id&quot;:&quot;&quot;,&quot;size&quot;:&quot;&quot;},&quot;_id&quot;:&quot;5c3bb54&quot;,&quot;jet_parallax_layout_image_tablet&quot;:{&quot;url&quot;:&quot;&quot;,&quot;id&quot;:&quot;&quot;,&quot;size&quot;:&quot;&quot;},&quot;jet_parallax_layout_image_mobile&quot;:{&quot;url&quot;:&quot;&quot;,&quot;id&quot;:&quot;&quot;,&quot;size&quot;:&quot;&quot;},&quot;jet_parallax_layout_speed&quot;:{&quot;unit&quot;:&quot;%&quot;,&quot;size&quot;:50,&quot;sizes&quot;:[]},&quot;jet_parallax_layout_type&quot;:&quot;scroll&quot;,&quot;jet_parallax_layout_direction&quot;:&quot;1&quot;,&quot;jet_parallax_layout_fx_direction&quot;:null,&quot;jet_parallax_layout_z_index&quot;:&quot;&quot;,&quot;jet_parallax_layout_bg_x&quot;:50,&quot;jet_parallax_layout_bg_x_tablet&quot;:&quot;&quot;,&quot;jet_parallax_layout_bg_x_mobile&quot;:&quot;&quot;,&quot;jet_parallax_layout_bg_y&quot;:50,&quot;jet_parallax_layout_bg_y_tablet&quot;:&quot;&quot;,&quot;jet_parallax_layout_bg_y_mobile&quot;:&quot;&quot;,&quot;jet_parallax_layout_bg_size&quot;:&quot;auto&quot;,&quot;jet_parallax_layout_bg_size_tablet&quot;:&quot;&quot;,&quot;jet_parallax_layout_bg_size_mobile&quot;:&quot;&quot;,&quot;jet_parallax_layout_animation_prop&quot;:&quot;transform&quot;,&quot;jet_parallax_layout_on&quot;:[&quot;desktop&quot;,&quot;tablet&quot;]}],&quot;background_background&quot;:&quot;classic&quot;}\">\n\t\t\t\t\t\t<div class=\"elementor-container elementor-column-gap-default\">\n\t\t\t\t\t<div class=\"elementor-column elementor-col-100 elementor-top-column elementor-element elementor-element-c2aa60b\" data-id=\"c2aa60b\" data-element_type=\"column\">\n\t\t\t<div class=\"elementor-widget-wrap elementor-element-populated\">\n\t\t\t\t\t\t<div class=\"elementor-element elementor-element-4dbee05 elementor-widget elementor-widget-heading\" data-id=\"4dbee05\" data-element_type=\"widget\" data-widget_type=\"heading.default\">\n\t\t\t\t<div class=\"elementor-widget-container\">\n\t\t\t\t\t<h2 class=\"elementor-heading-title elementor-size-default\">Termos e condi\u00e7\u00f5es<\/h2>\t\t\t\t<\/div>\n\t\t\t\t<\/div>\n\t\t\t\t<div class=\"elementor-element elementor-element-d1682bc elementor-widget elementor-widget-text-editor\" data-id=\"d1682bc\" data-element_type=\"widget\" data-widget_type=\"text-editor.default\">\n\t\t\t\t<div class=\"elementor-widget-container\">\n\t\t\t\t\t\t\t\t\t<div class=\"elementor-element elementor-element-4dbee05 elementor-widget elementor-widget-heading\" data-id=\"4dbee05\" data-element_type=\"widget\" data-widget_type=\"heading.default\"><div class=\"elementor-widget-container\">\u00a0<\/div><\/div><div class=\"elementor-element elementor-element-d1682bc elementor-widget elementor-widget-text-editor\" data-id=\"d1682bc\" data-element_type=\"widget\" data-widget_type=\"text-editor.default\"><div class=\"elementor-widget-container\"><div class=\"elementor-text-editor elementor-clearfix\"><p>COMO PARTICIPANTE DOS CURSOS ONLINE RITHA CAPELATO, DECLARO QUE:<\/p><p>1) Tenho ci\u00eancia de que este evento \u00e9 destinado, EXCLUSIVAMENTE, para m\u00e9dicos;<\/p><p>2) Estou, regularmente, inscrito(a) no CONSELHO REGIONAL DE MEDICINA;<\/p><p>3) Os dados pessoais fornecidos para efetivar minha inscri\u00e7\u00e3o no evento s\u00e3o de minha total responsabilidade;<\/p><p>4) Estou ciente que todos os servi\u00e7os estar\u00e3o dispon\u00edveis somente ap\u00f3s o efetivo pagamento da inscri\u00e7\u00e3o no Workshop e que \u00e9 de MINHA responsabilidade acompanhar as comunica\u00e7\u00f5es e altera\u00e7\u00f5es, bem como acessar o site para participar do evento;<\/p><p>5) Declaro, tamb\u00e9m, que tenho ci\u00eancia de que\u00a0<strong>a inscri\u00e7\u00e3o tem car\u00e1ter pessoal<\/strong>, portanto, \u00e9\u00a0<strong>vedada a reprodu\u00e7\u00e3o do respectivo conte\u00fado<\/strong>,\u00a0<strong>por qualquer meio, para n\u00e3o inscritos<\/strong>, bem como, n\u00e3o \u00e9 permitida a realiza\u00e7\u00e3o de\u00a0 grava\u00e7\u00e3o de imagens, conte\u00fados e voz, edi\u00e7\u00e3o ou, ainda, a utiliza\u00e7\u00e3o do respectivo conte\u00fado para quaisquer finalidades estranhas ao objetivo do workshop, pois todo seu conte\u00fado \u00e9 de propriedade exclusiva da DRA RITHA CAPELATO, protegido pela lei de Direitos Autorais.<\/p><p>6) Tenho ci\u00eancia de que o descumprimento do presente termo poder\u00e1 ensejar responsabiliza\u00e7\u00e3o c\u00edvel e\/ou criminal, al\u00e9m de estar sujeito(a) responder por perdas e danos.<\/p><p>7) Ao confirmar a inscri\u00e7\u00e3o no curso atrav\u00e9s do pagamento, fica convencionado que em caso de desist\u00eancia do curso pelo participante:<\/p><ul><li>Em at\u00e9 30 dias antes do evento, haver\u00e1 devolu\u00e7\u00e3o de 75% do valor total pago;<\/li><li>Em at\u00e9 15 dias antes do evento, haver\u00e1 devolu\u00e7\u00e3o de 50% do valor total pago;<\/li><li>Faltando 14 dias ou menos para o evento, n\u00e3o haver\u00e1 devolu\u00e7\u00e3o do valor total pago.<\/li><\/ul><\/div><\/div><\/div>\t\t\t\t\t\t\t\t<\/div>\n\t\t\t\t<\/div>\n\t\t\t\t\t<\/div>\n\t\t<\/div>\n\t\t\t\t\t<\/div>\n\t\t<\/section>\n\t\t\t\t<\/div>\n\t\t","protected":false},"excerpt":{"rendered":"<p>\u00a0 COMO PARTICIPANTE DOS CURSOS ONLINE RITHA CAPELATO, DECLARO QUE: 1) Tenho ci\u00eancia de que este evento \u00e9 destinado, EXCLUSIVAMENTE, para m\u00e9dicos; 2) Estou, regularmente, inscrito(a) no CONSELHO REGIONAL DE MEDICINA; 3) Os dados pessoais fornecidos para efetivar minha inscri\u00e7\u00e3o no evento s\u00e3o de minha total responsabilidade; 4) Estou ciente que todos os servi\u00e7os estar\u00e3o [&hellip;]<\/p>\n","protected":false},"author":1,"featured_media":0,"parent":0,"menu_order":0,"comment_status":"closed","ping_status":"closed","template":"","meta":{"footnotes":""},"class_list":["post-1558","page","type-page","status-publish","hentry"],"acf":[],"_links":{"self":[{"href":"https:\/\/rithacapelato.com.br\/workshop\/wp-json\/wp\/v2\/pages\/1558","targetHints":{"allow":["GET"]}}],"collection":[{"href":"https:\/\/rithacapelato.com.br\/workshop\/wp-json\/wp\/v2\/pages"}],"about":[{"href":"https:\/\/rithacapelato.com.br\/workshop\/wp-json\/wp\/v2\/types\/page"}],"author":[{"embeddable":true,"href":"https:\/\/rithacapelato.com.br\/workshop\/wp-json\/wp\/v2\/users\/1"}],"replies":[{"embeddable":true,"href":"https:\/\/rithacapelato.com.br\/workshop\/wp-json\/wp\/v2\/comments?post=1558"}],"version-history":[{"count":15,"href":"https:\/\/rithacapelato.com.br\/workshop\/wp-json\/wp\/v2\/pages\/1558\/revisions"}],"predecessor-version":[{"id":3520,"href":"https:\/\/rithacapelato.com.br\/workshop\/wp-json\/wp\/v2\/pages\/1558\/revisions\/3520"}],"wp:attachment":[{"href":"https:\/\/rithacapelato.com.br\/workshop\/wp-json\/wp\/v2\/media?parent=1558"}],"curies":[{"name":"wp","href":"https:\/\/api.w.org\/{rel}","templated":true}]}}